{"id":251132,"date":"2022-10-16T15:38:34","date_gmt":"2022-10-16T12:38:34","guid":{"rendered":"https:\/\/ru.hrodna.life\/podcast3\/"},"modified":"2022-10-16T15:38:34","modified_gmt":"2022-10-16T12:38:34","slug":"podcast3","status":"publish","type":"page","link":"https:\/\/ru.hrodna.life\/podcast3\/","title":{"rendered":"\u041f\u0430\u0434\u043a\u0430\u0441\u0442 &#8220;\u0423\u0442\u0443\u043b\u044c\u043d\u044b \u0433\u043e\u0440\u0430\u0434&#8221;"},"content":{"rendered":"\n<p><strong>\u0420\u0430\u0437\u0431\u0456\u0440\u0430\u0435\u043c \u0443\u0440\u0431\u0430\u043d\u0456\u0441\u0442\u044b\u0447\u043d\u044b\u044f \u043f\u044b\u0442\u0430\u043d\u043d\u0456, \u043a\u0430\u0431 \u043d\u0430 \u043f\u0440\u044b\u043a\u043b\u0430\u0434\u0437\u0435 \u0413\u0440\u043e\u0434\u043d\u0430 \u0432\u044b\u0441\u0432\u0435\u0442\u043b\u0456\u0446\u044c, \u044f\u043a \u0437\u0440\u0430\u0431\u0456\u0446\u044c \u0431\u0435\u043b\u0430\u0440\u0443\u0441\u043a\u0456\u044f \u0433\u0430\u0440\u0430\u0434\u044b \u045e\u0442\u0443\u043b\u044c\u043d\u044b\u043c\u0456.<\/strong><\/p>\n\n\n\n<div class=\"wp-block-image\"><figure class=\"aligncenter size-full\"><img decoding=\"async\" src=\"https:\/\/hrodna.life\/wp-content\/uploads\/2022\/10\/podcast-utulny_600.jpg\" alt=\"\u043f\u0430\u0434\u043a\u0430\u0441\u0442 \u0443\u0442\u0443\u043b\u044c\u043d\u044b \u0433\u043e\u0440\u0430\u0434\" class=\"wp-image-224179\" loading=\"lazy\" \/><figcaption>\u041f\u0430\u0434\u043f\u0456\u0448\u044b\u0446\u0435\u0441\u044f \u043d\u0430\u00a0\u043d\u0430\u0441\u00a0<a href=\"https:\/\/cozycity.mave.digital\/\" target=\"_blank\" rel=\"noreferrer noopener\">\u043d\u0430\u00a0\u043b\u044e\u0431\u043e\u0439 \u0437\u0440\u0443\u0447\u043d\u0430\u0439 \u0434\u043b\u044f \u0432\u0430\u0441 \u043f\u0430\u0434\u043a\u0430\u0441\u0442-\u043f\u043b\u0430\u0442\u0444\u043e\u0440\u043c\u0435<\/a>!<\/figcaption><\/figure><\/div>\n\n\n\n<ul class=\"wp-block-list\"><li>\u042f\u043a\u0456\u043c \u043c\u0430\u0435 \u0431\u044b\u0446\u044c \u0433\u0440\u0430\u043c\u0430\u0434\u0441\u043a\u0456 \u0442\u0440\u0430\u043d\u0441\u043f\u0430\u0440\u0442?<\/li><li>\u0410\u0434\u043a\u0443\u043b\u044c \u0443\u0437\u044f\u043b\u0456\u0441\u044f \u043f\u0430\u043d\u044d\u043b\u044c\u043a\u0456?<\/li><li>\u0427\u0430\u043c\u0443 \u0434\u0430 \u0440\u044d\u0441\u0442\u0430\u045e\u0440\u0430\u0432\u0430\u043d\u044b\u0445 \u0431\u0443\u0434\u044b\u043d\u043a\u0430\u045e \u0442\u0430\u043a \u0448\u043c\u0430\u0442 \u043f\u044b\u0442\u0430\u043d\u043d\u044f\u045e?<\/li><li>\u041a\u0430\u043b\u0456 \u045e \u043a\u043e\u0436\u043d\u0430\u0439 \u0441\u044f\u043c&#8217;\u0456 \u0451\u0441\u0446\u044c \u0430\u045e\u0442\u0430\u043c\u0430\u0431\u0456\u043b\u044c &#8212; \u0433\u044d\u0442\u0430 \u0434\u0440\u044d\u043d\u043d\u0430?<\/li><li>\u0428\u0442\u043e \u0440\u0430\u0431\u0456\u0446\u044c \u0437 \u0431\u044f\u0437\u0434\u043e\u043c\u043d\u044b\u043c\u0456 \u0441\u0430\u0431\u0430\u043a\u0430\u043c\u0456?<\/li><li>\u0426\u0456 \u0432\u0430\u0440\u0442\u0430 \u0441\u0430\u0440\u0442\u0430\u0432\u0430\u0446\u044c \u0441\u043c\u0435\u0446\u0446\u0435, \u043a\u0430\u043b\u0456 \u0442\u0432\u0430\u0435 \u0441\u0443\u0441\u0435\u0434\u0437\u0456 \u0433\u044d\u0442\u0430\u0433\u0430 \u043d\u0435 \u0440\u043e\u0431\u044f\u0446\u044c?<\/li><li>\u042f\u043a \u043f\u0435\u0440\u0430\u0441\u0435\u0441\u0446\u0456 \u043d\u0430 \u0440\u043e\u0432\u0430\u0440, \u043a\u0430\u043b\u0456 \u045e \u043d\u0430\u0441 6 \u043c\u0435\u0441\u044f\u0446\u0430\u045e \u0437\u0456\u043c\u044b?<\/li><li>\u0425\u0442\u043e \u0430\u0434\u043a\u0430\u0437\u0432\u0430\u0435 \u0437\u0430 \u0440\u0430\u043c\u043e\u043d\u0442 \u0434\u0437\u0456\u0446\u044f\u0447\u044b\u0445 \u043f\u043b\u044f\u0446\u043e\u0432\u0430\u043a?<\/li><li>\u0427\u0430\u043c\u0443 \u043c\u044b \u043c\u0430\u0440\u044b\u043c \u0430\u0431 \u0443\u043b\u0430\u0441\u043d\u0430\u0439 \u0434\u0430\u0447\u044b?<\/li><\/ul>\n\n\n\n<p>\u0410\u0431 \u0433\u044d\u0442\u044b\u043c \u0456 \u043d\u0435 \u0442\u043e\u043b\u044c\u043a\u0456 \u0440\u0430\u0437\u043c\u0430\u045e\u043b\u044f\u0435\u043c \u0437 \u0430\u043a\u0442\u044b\u0432\u0456\u0441\u0442\u0430\u043c\u0456 \u0456 \u043d\u0430\u0432\u0443\u043a\u043e\u045e\u0446\u0430\u043c\u0456, \u043a\u0430\u0431 \u0443 \u0432\u044b\u043d\u0456\u043a\u0443 \u043f\u0430\u0431\u0443\u0434\u0430\u0432\u0430\u0446\u044c \u0443\u0442\u0443\u043b\u044c\u043d\u044b \u0433\u043e\u0440\u0430\u0434.\u00a0<\/p>\n\n\n\n<iframe src=\"https:\/\/soundstream.media\/player\/?playlist=6552\" width=\"100%\" height=\"298\" frameborder frameBorder scrolling=\"auto\" loading=\"lazy\"><\/iframe>\n\n\n\n<p class=\"has-background\" style=\"background-color:#e3e3e3\">\u041a\u0430\u043b\u0456 \u045e \u0432\u0430\u0441 \u043d\u044f\u043c\u0430 \u043c\u0430\u0433\u0447\u044b\u043c\u0430\u0441\u0446\u0456 \u043f\u0440\u0430\u0441\u043b\u0443\u0445\u0430\u0446\u044c \u0432\u044b\u043f\u0443\u0441\u043a\u0456, \u0432\u044b \u043c\u043e\u0436\u0430\u0446\u0435 <a href=\"https:\/\/hrodna.life\/tag\/padkast\/\" target=\"_blank\" rel=\"noreferrer noopener\">\u043f\u0440\u0430\u0447\u044b\u0442\u0430\u0446\u044c \u0456\u0445 \u0441\u043a\u0430\u0440\u043e\u0447\u0430\u043d\u044b \u0437\u043c\u0435\u0441\u0442<\/a>.<\/p>\n<div id=\"hrodn-390861245\" class=\"hrodn-posle-kontenta\"><a href=\"https:\/\/hrodna.life\/tax-support\/\" target=\"_blank\" aria-label=\"1,5% \u043d\u0430\u043b\u043e\u0433\u0430 \u0432 \u041f\u043e\u043b\u044c\u0448\u0435\"><img loading=\"lazy\" decoding=\"async\" src=\"https:\/\/ru.hrodna.life\/wp-content\/uploads\/2026\/02\/banner-tax-15.webp\" alt=\"1,5% \u043d\u0430\u043b\u043e\u0433\u0430 \u0432 \u041f\u043e\u043b\u044c\u0448\u0435\"  srcset=\"https:\/\/ru.hrodna.life\/wp-content\/uploads\/2026\/02\/banner-tax-15.webp 740w, https:\/\/ru.hrodna.life\/wp-content\/uploads\/2026\/02\/banner-tax-15-300x251.webp 300w\" sizes=\"(max-width: 740px) 100vw, 740px\" width=\"740\" height=\"620\"   \/><\/a><\/div>","protected":false},"excerpt":{"rendered":"<p>\u0420\u0430\u0437\u0431\u0456\u0440\u0430\u0435\u043c \u0443\u0440\u0431\u0430\u043d\u0456\u0441\u0442\u044b\u0447\u043d\u044b\u044f \u043f\u044b\u0442\u0430\u043d\u043d\u0456, \u043a\u0430\u0431 \u043d\u0430 \u043f\u0440\u044b\u043a\u043b\u0430\u0434\u0437\u0435 \u0413\u0440\u043e\u0434\u043d\u0430 \u0432\u044b\u0441\u0432\u0435\u0442\u043b\u0456\u0446\u044c, \u044f\u043a \u0437\u0440\u0430\u0431\u0456\u0446\u044c \u0431\u0435\u043b\u0430\u0440\u0443\u0441\u043a\u0456\u044f \u0433\u0430\u0440\u0430\u0434\u044b \u045e\u0442\u0443\u043b\u044c\u043d\u044b\u043c\u0456. \u042f\u043a\u0456\u043c \u043c\u0430\u0435 \u0431\u044b\u0446\u044c \u0433\u0440\u0430\u043c\u0430\u0434\u0441\u043a\u0456 \u0442\u0440\u0430\u043d\u0441\u043f\u0430\u0440\u0442? \u0410\u0434\u043a\u0443\u043b\u044c \u0443\u0437\u044f\u043b\u0456\u0441\u044f \u043f\u0430\u043d\u044d\u043b\u044c\u043a\u0456? \u0427\u0430\u043c\u0443 \u0434\u0430 \u0440\u044d\u0441\u0442\u0430\u045e\u0440\u0430\u0432\u0430\u043d\u044b\u0445 \u0431\u0443\u0434\u044b\u043d\u043a\u0430\u045e \u0442\u0430\u043a \u0448\u043c\u0430\u0442 \u043f\u044b\u0442\u0430\u043d\u043d\u044f\u045e? \u041a\u0430\u043b\u0456 \u045e \u043a\u043e\u0436\u043d\u0430\u0439 \u0441\u044f\u043c&#8217;\u0456 \u0451\u0441\u0446\u044c \u0430\u045e\u0442\u0430\u043c\u0430\u0431\u0456\u043b\u044c &#8212; \u0433\u044d\u0442\u0430 \u0434\u0440\u044d\u043d\u043d\u0430? \u0428\u0442\u043e \u0440\u0430\u0431\u0456\u0446\u044c \u0437 \u0431\u044f\u0437\u0434\u043e\u043c\u043d\u044b\u043c\u0456 \u0441\u0430\u0431\u0430\u043a\u0430\u043c\u0456? \u0426\u0456 \u0432\u0430\u0440\u0442\u0430 \u0441\u0430\u0440\u0442\u0430\u0432\u0430\u0446\u044c \u0441\u043c\u0435\u0446\u0446\u0435, \u043a\u0430\u043b\u0456 \u0442\u0432\u0430\u0435 \u0441\u0443\u0441\u0435\u0434\u0437\u0456 \u0433\u044d\u0442\u0430\u0433\u0430 \u043d\u0435 \u0440\u043e\u0431\u044f\u0446\u044c? \u042f\u043a \u043f\u0435\u0440\u0430\u0441\u0435\u0441\u0446\u0456 \u043d\u0430<\/p>\n","protected":false},"author":3,"featured_media":0,"parent":0,"menu_order":0,"comment_status":"closed","ping_status":"closed","template":"","meta":{"_acf_changed":false,"_uag_custom_page_level_css":"","footnotes":""},"metki":[],"class_list":["post-251132","page","type-page","status-publish"],"yoast_head":"<!-- This site is optimized with the Yoast SEO Premium plugin v26.6 (Yoast SEO v26.6) - https:\/\/yoast.com\/wordpress\/plugins\/seo\/ -->\n<title>\u041f\u0430\u0434\u043a\u0430\u0441\u0442 &#8220;\u0423\u0442\u0443\u043b\u044c\u043d\u044b \u0433\u043e\u0440\u0430\u0434&#8221; - Hrodna.life - \u043d\u043e\u0432\u043e\u0441\u0442\u0438 \u0413\u0440\u043e\u0434\u043d\u043e<\/title>\n<meta name=\"robots\" content=\"index, follow, max-snippet:-1, max-image-preview:large, max-video-preview:-1\" \/>\n<meta property=\"og:locale\" content=\"ru_RU\" \/>\n<meta property=\"og:type\" content=\"article\" \/>\n<meta property=\"og:title\" content=\"\u041f\u0430\u0434\u043a\u0430\u0441\u0442 &#8220;\u0423\u0442\u0443\u043b\u044c\u043d\u044b \u0433\u043e\u0440\u0430\u0434&#8221;\" \/>\n<meta property=\"og:description\" content=\"\u0420\u0430\u0437\u0431\u0456\u0440\u0430\u0435\u043c \u0443\u0440\u0431\u0430\u043d\u0456\u0441\u0442\u044b\u0447\u043d\u044b\u044f \u043f\u044b\u0442\u0430\u043d\u043d\u0456, \u043a\u0430\u0431 \u043d\u0430 \u043f\u0440\u044b\u043a\u043b\u0430\u0434\u0437\u0435 \u0413\u0440\u043e\u0434\u043d\u0430 \u0432\u044b\u0441\u0432\u0435\u0442\u043b\u0456\u0446\u044c, \u044f\u043a \u0437\u0440\u0430\u0431\u0456\u0446\u044c \u0431\u0435\u043b\u0430\u0440\u0443\u0441\u043a\u0456\u044f \u0433\u0430\u0440\u0430\u0434\u044b \u045e\u0442\u0443\u043b\u044c\u043d\u044b\u043c\u0456. \u042f\u043a\u0456\u043c \u043c\u0430\u0435 \u0431\u044b\u0446\u044c \u0433\u0440\u0430\u043c\u0430\u0434\u0441\u043a\u0456 \u0442\u0440\u0430\u043d\u0441\u043f\u0430\u0440\u0442? \u0410\u0434\u043a\u0443\u043b\u044c \u0443\u0437\u044f\u043b\u0456\u0441\u044f \u043f\u0430\u043d\u044d\u043b\u044c\u043a\u0456? \u0427\u0430\u043c\u0443 \u0434\u0430 \u0440\u044d\u0441\u0442\u0430\u045e\u0440\u0430\u0432\u0430\u043d\u044b\u0445 \u0431\u0443\u0434\u044b\u043d\u043a\u0430\u045e \u0442\u0430\u043a \u0448\u043c\u0430\u0442 \u043f\u044b\u0442\u0430\u043d\u043d\u044f\u045e? \u041a\u0430\u043b\u0456 \u045e \u043a\u043e\u0436\u043d\u0430\u0439 \u0441\u044f\u043c&#8217;\u0456 \u0451\u0441\u0446\u044c \u0430\u045e\u0442\u0430\u043c\u0430\u0431\u0456\u043b\u044c &#8212; \u0433\u044d\u0442\u0430 \u0434\u0440\u044d\u043d\u043d\u0430? \u0428\u0442\u043e \u0440\u0430\u0431\u0456\u0446\u044c \u0437 \u0431\u044f\u0437\u0434\u043e\u043c\u043d\u044b\u043c\u0456 \u0441\u0430\u0431\u0430\u043a\u0430\u043c\u0456? \u0426\u0456 \u0432\u0430\u0440\u0442\u0430 \u0441\u0430\u0440\u0442\u0430\u0432\u0430\u0446\u044c \u0441\u043c\u0435\u0446\u0446\u0435, \u043a\u0430\u043b\u0456 \u0442\u0432\u0430\u0435 \u0441\u0443\u0441\u0435\u0434\u0437\u0456 \u0433\u044d\u0442\u0430\u0433\u0430 \u043d\u0435 \u0440\u043e\u0431\u044f\u0446\u044c? \u042f\u043a \u043f\u0435\u0440\u0430\u0441\u0435\u0441\u0446\u0456 \u043d\u0430\" \/>\n<meta property=\"og:url\" content=\"https:\/\/ru.hrodna.life\/podcast3\/\" \/>\n<meta property=\"og:site_name\" content=\"Hrodna.life - \u043d\u043e\u0432\u043e\u0441\u0442\u0438 \u0413\u0440\u043e\u0434\u043d\u043e\" \/>\n<meta property=\"article:publisher\" content=\"https:\/\/www.facebook.com\/hrodna.one.love\" \/>\n<meta property=\"og:image\" content=\"https:\/\/hrodna.life\/wp-content\/uploads\/2022\/10\/podcast-utulny_600.jpg\" \/>\n<meta name=\"twitter:card\" content=\"summary_large_image\" \/>\n<script type=\"application\/ld+json\" class=\"yoast-schema-graph\">{\"@context\":\"https:\/\/schema.org\",\"@graph\":[{\"@type\":\"Article\",\"@id\":\"https:\/\/ru.hrodna.life\/podcast3\/#article\",\"isPartOf\":{\"@id\":\"https:\/\/ru.hrodna.life\/podcast3\/\"},\"author\":{\"name\":\"HL\",\"@id\":\"https:\/\/ru.hrodna.life\/#\/schema\/person\/a0a37ad378e520cf788746ec9c82c6f0\"},\"headline\":\"\u041f\u0430\u0434\u043a\u0430\u0441\u0442 &#8220;\u0423\u0442\u0443\u043b\u044c\u043d\u044b \u0433\u043e\u0440\u0430\u0434&#8221;\",\"datePublished\":\"2022-10-16T12:38:34+00:00\",\"mainEntityOfPage\":{\"@id\":\"https:\/\/ru.hrodna.life\/podcast3\/\"},\"wordCount\":115,\"publisher\":{\"@id\":\"https:\/\/ru.hrodna.life\/#organization\"},\"image\":{\"@id\":\"https:\/\/ru.hrodna.life\/podcast3\/#primaryimage\"},\"thumbnailUrl\":\"https:\/\/hrodna.life\/wp-content\/uploads\/2022\/10\/podcast-utulny_600.jpg\",\"inLanguage\":\"ru-RU\"},{\"@type\":\"WebPage\",\"@id\":\"https:\/\/ru.hrodna.life\/podcast3\/\",\"url\":\"https:\/\/ru.hrodna.life\/podcast3\/\",\"name\":\"\u041f\u0430\u0434\u043a\u0430\u0441\u0442 &#8220;\u0423\u0442\u0443\u043b\u044c\u043d\u044b \u0433\u043e\u0440\u0430\u0434&#8221; - Hrodna.life - \u043d\u043e\u0432\u043e\u0441\u0442\u0438 \u0413\u0440\u043e\u0434\u043d\u043e\",\"isPartOf\":{\"@id\":\"https:\/\/ru.hrodna.life\/#website\"},\"primaryImageOfPage\":{\"@id\":\"https:\/\/ru.hrodna.life\/podcast3\/#primaryimage\"},\"image\":{\"@id\":\"https:\/\/ru.hrodna.life\/podcast3\/#primaryimage\"},\"thumbnailUrl\":\"https:\/\/hrodna.life\/wp-content\/uploads\/2022\/10\/podcast-utulny_600.jpg\",\"datePublished\":\"2022-10-16T12:38:34+00:00\",\"breadcrumb\":{\"@id\":\"https:\/\/ru.hrodna.life\/podcast3\/#breadcrumb\"},\"inLanguage\":\"ru-RU\",\"potentialAction\":[{\"@type\":\"ReadAction\",\"target\":[\"https:\/\/ru.hrodna.life\/podcast3\/\"]}]},{\"@type\":\"ImageObject\",\"inLanguage\":\"ru-RU\",\"@id\":\"https:\/\/ru.hrodna.life\/podcast3\/#primaryimage\",\"url\":\"https:\/\/hrodna.life\/wp-content\/uploads\/2022\/10\/podcast-utulny_600.jpg\",\"contentUrl\":\"https:\/\/hrodna.life\/wp-content\/uploads\/2022\/10\/podcast-utulny_600.jpg\"},{\"@type\":\"BreadcrumbList\",\"@id\":\"https:\/\/ru.hrodna.life\/podcast3\/#breadcrumb\",\"itemListElement\":[{\"@type\":\"ListItem\",\"position\":1,\"name\":\"\u0413\u043b\u0430\u0432\u043d\u0430\u044f \u0441\u0442\u0440\u0430\u043d\u0438\u0446\u0430\",\"item\":\"https:\/\/ru.hrodna.life\/\"},{\"@type\":\"ListItem\",\"position\":2,\"name\":\"\u041f\u0430\u0434\u043a\u0430\u0441\u0442 &#8220;\u0423\u0442\u0443\u043b\u044c\u043d\u044b \u0433\u043e\u0440\u0430\u0434&#8221;\"}]},{\"@type\":\"WebSite\",\"@id\":\"https:\/\/ru.hrodna.life\/#website\",\"url\":\"https:\/\/ru.hrodna.life\/\",\"name\":\"Hrodna.life - \u043d\u043e\u0432\u043e\u0441\u0442\u0438 \u0413\u0440\u043e\u0434\u043d\u043e\",\"description\":\"Hrodna.life - \u043d\u043e\u0432\u043e\u0441\u0442\u0438 \u0438 \u0438\u0441\u0442\u043e\u0440\u0438\u0438 \u0438\u0437 \u0413\u0440\u043e\u0434\u043d\u043e\",\"publisher\":{\"@id\":\"https:\/\/ru.hrodna.life\/#organization\"},\"potentialAction\":[{\"@type\":\"SearchAction\",\"target\":{\"@type\":\"EntryPoint\",\"urlTemplate\":\"https:\/\/ru.hrodna.life\/?s={search_term_string}\"},\"query-input\":{\"@type\":\"PropertyValueSpecification\",\"valueRequired\":true,\"valueName\":\"search_term_string\"}}],\"inLanguage\":\"ru-RU\"},{\"@type\":\"Organization\",\"@id\":\"https:\/\/ru.hrodna.life\/#organization\",\"name\":\"Hrodna.life\",\"url\":\"https:\/\/ru.hrodna.life\/\",\"logo\":{\"@type\":\"ImageObject\",\"inLanguage\":\"ru-RU\",\"@id\":\"https:\/\/ru.hrodna.life\/#\/schema\/logo\/image\/\",\"url\":\"https:\/\/ru.hrodna.life\/wp-content\/uploads\/2018\/11\/320-logos3-01.png\",\"contentUrl\":\"https:\/\/ru.hrodna.life\/wp-content\/uploads\/2018\/11\/320-logos3-01.png\",\"width\":320,\"height\":112,\"caption\":\"Hrodna.life\"},\"image\":{\"@id\":\"https:\/\/ru.hrodna.life\/#\/schema\/logo\/image\/\"},\"sameAs\":[\"https:\/\/www.facebook.com\/hrodna.one.love\",\"https:\/\/www.linkedin.com\/company\/hrodna-life\/\",\"https:\/\/be.wikipedia.org\/wiki\/Hrodna.life\"],\"email\":\"people34letters@gmail.com\",\"legalName\":\"\u017dmon\u0117s ir raid\u0117s, V\u0161\u012e\",\"foundingDate\":\"2016-10-10\",\"publishingPrinciples\":\"https:\/\/ru.hrodna.life\/about-us\/\",\"ethicsPolicy\":\"https:\/\/ru.hrodna.life\/standarts\/\"},{\"@type\":\"Person\",\"@id\":\"https:\/\/ru.hrodna.life\/#\/schema\/person\/a0a37ad378e520cf788746ec9c82c6f0\",\"name\":\"HL\",\"image\":{\"@type\":\"ImageObject\",\"inLanguage\":\"ru-RU\",\"@id\":\"https:\/\/ru.hrodna.life\/#\/schema\/person\/image\/\",\"url\":\"https:\/\/secure.gravatar.com\/avatar\/849d5e6598e9aa7d9b85e3ac8f218b48?s=96&d=mm&r=g\",\"contentUrl\":\"https:\/\/secure.gravatar.com\/avatar\/849d5e6598e9aa7d9b85e3ac8f218b48?s=96&d=mm&r=g\",\"caption\":\"HL\"},\"description\":\"\u0420\u044d\u0434\u0430\u043a\u0442\u0430\u0440 Hrodna.life\",\"sameAs\":[\"https:\/\/www.facebook.com\/hrodna.one.love\"],\"url\":\"https:\/\/ru.hrodna.life\/author\/aliaksei\/\"}]}<\/script>\n<!-- \/ Yoast SEO Premium plugin. -->","yoast_head_json":{"title":"\u041f\u0430\u0434\u043a\u0430\u0441\u0442 &#8220;\u0423\u0442\u0443\u043b\u044c\u043d\u044b \u0433\u043e\u0440\u0430\u0434&#8221; - Hrodna.life - \u043d\u043e\u0432\u043e\u0441\u0442\u0438 \u0413\u0440\u043e\u0434\u043d\u043e","robots":{"index":"index","follow":"follow","max-snippet":"max-snippet:-1","max-image-preview":"max-image-preview:large","max-video-preview":"max-video-preview:-1"},"og_locale":"ru_RU","og_type":"article","og_title":"\u041f\u0430\u0434\u043a\u0430\u0441\u0442 &#8220;\u0423\u0442\u0443\u043b\u044c\u043d\u044b \u0433\u043e\u0440\u0430\u0434&#8221;","og_description":"\u0420\u0430\u0437\u0431\u0456\u0440\u0430\u0435\u043c \u0443\u0440\u0431\u0430\u043d\u0456\u0441\u0442\u044b\u0447\u043d\u044b\u044f \u043f\u044b\u0442\u0430\u043d\u043d\u0456, \u043a\u0430\u0431 \u043d\u0430 \u043f\u0440\u044b\u043a\u043b\u0430\u0434\u0437\u0435 \u0413\u0440\u043e\u0434\u043d\u0430 \u0432\u044b\u0441\u0432\u0435\u0442\u043b\u0456\u0446\u044c, \u044f\u043a \u0437\u0440\u0430\u0431\u0456\u0446\u044c \u0431\u0435\u043b\u0430\u0440\u0443\u0441\u043a\u0456\u044f \u0433\u0430\u0440\u0430\u0434\u044b \u045e\u0442\u0443\u043b\u044c\u043d\u044b\u043c\u0456. \u042f\u043a\u0456\u043c \u043c\u0430\u0435 \u0431\u044b\u0446\u044c \u0433\u0440\u0430\u043c\u0430\u0434\u0441\u043a\u0456 \u0442\u0440\u0430\u043d\u0441\u043f\u0430\u0440\u0442? \u0410\u0434\u043a\u0443\u043b\u044c \u0443\u0437\u044f\u043b\u0456\u0441\u044f \u043f\u0430\u043d\u044d\u043b\u044c\u043a\u0456? \u0427\u0430\u043c\u0443 \u0434\u0430 \u0440\u044d\u0441\u0442\u0430\u045e\u0440\u0430\u0432\u0430\u043d\u044b\u0445 \u0431\u0443\u0434\u044b\u043d\u043a\u0430\u045e \u0442\u0430\u043a \u0448\u043c\u0430\u0442 \u043f\u044b\u0442\u0430\u043d\u043d\u044f\u045e? \u041a\u0430\u043b\u0456 \u045e \u043a\u043e\u0436\u043d\u0430\u0439 \u0441\u044f\u043c&#8217;\u0456 \u0451\u0441\u0446\u044c \u0430\u045e\u0442\u0430\u043c\u0430\u0431\u0456\u043b\u044c &#8212; \u0433\u044d\u0442\u0430 \u0434\u0440\u044d\u043d\u043d\u0430? \u0428\u0442\u043e \u0440\u0430\u0431\u0456\u0446\u044c \u0437 \u0431\u044f\u0437\u0434\u043e\u043c\u043d\u044b\u043c\u0456 \u0441\u0430\u0431\u0430\u043a\u0430\u043c\u0456? \u0426\u0456 \u0432\u0430\u0440\u0442\u0430 \u0441\u0430\u0440\u0442\u0430\u0432\u0430\u0446\u044c \u0441\u043c\u0435\u0446\u0446\u0435, \u043a\u0430\u043b\u0456 \u0442\u0432\u0430\u0435 \u0441\u0443\u0441\u0435\u0434\u0437\u0456 \u0433\u044d\u0442\u0430\u0433\u0430 \u043d\u0435 \u0440\u043e\u0431\u044f\u0446\u044c? \u042f\u043a \u043f\u0435\u0440\u0430\u0441\u0435\u0441\u0446\u0456 \u043d\u0430","og_url":"https:\/\/ru.hrodna.life\/podcast3\/","og_site_name":"Hrodna.life - \u043d\u043e\u0432\u043e\u0441\u0442\u0438 \u0413\u0440\u043e\u0434\u043d\u043e","article_publisher":"https:\/\/www.facebook.com\/hrodna.one.love","og_image":[{"url":"https:\/\/hrodna.life\/wp-content\/uploads\/2022\/10\/podcast-utulny_600.jpg","type":"","width":"","height":""}],"twitter_card":"summary_large_image","schema":{"@context":"https:\/\/schema.org","@graph":[{"@type":"Article","@id":"https:\/\/ru.hrodna.life\/podcast3\/#article","isPartOf":{"@id":"https:\/\/ru.hrodna.life\/podcast3\/"},"author":{"name":"HL","@id":"https:\/\/ru.hrodna.life\/#\/schema\/person\/a0a37ad378e520cf788746ec9c82c6f0"},"headline":"\u041f\u0430\u0434\u043a\u0430\u0441\u0442 &#8220;\u0423\u0442\u0443\u043b\u044c\u043d\u044b \u0433\u043e\u0440\u0430\u0434&#8221;","datePublished":"2022-10-16T12:38:34+00:00","mainEntityOfPage":{"@id":"https:\/\/ru.hrodna.life\/podcast3\/"},"wordCount":115,"publisher":{"@id":"https:\/\/ru.hrodna.life\/#organization"},"image":{"@id":"https:\/\/ru.hrodna.life\/podcast3\/#primaryimage"},"thumbnailUrl":"https:\/\/hrodna.life\/wp-content\/uploads\/2022\/10\/podcast-utulny_600.jpg","inLanguage":"ru-RU"},{"@type":"WebPage","@id":"https:\/\/ru.hrodna.life\/podcast3\/","url":"https:\/\/ru.hrodna.life\/podcast3\/","name":"\u041f\u0430\u0434\u043a\u0430\u0441\u0442 &#8220;\u0423\u0442\u0443\u043b\u044c\u043d\u044b \u0433\u043e\u0440\u0430\u0434&#8221; - Hrodna.life - \u043d\u043e\u0432\u043e\u0441\u0442\u0438 \u0413\u0440\u043e\u0434\u043d\u043e","isPartOf":{"@id":"https:\/\/ru.hrodna.life\/#website"},"primaryImageOfPage":{"@id":"https:\/\/ru.hrodna.life\/podcast3\/#primaryimage"},"image":{"@id":"https:\/\/ru.hrodna.life\/podcast3\/#primaryimage"},"thumbnailUrl":"https:\/\/hrodna.life\/wp-content\/uploads\/2022\/10\/podcast-utulny_600.jpg","datePublished":"2022-10-16T12:38:34+00:00","breadcrumb":{"@id":"https:\/\/ru.hrodna.life\/podcast3\/#breadcrumb"},"inLanguage":"ru-RU","potentialAction":[{"@type":"ReadAction","target":["https:\/\/ru.hrodna.life\/podcast3\/"]}]},{"@type":"ImageObject","inLanguage":"ru-RU","@id":"https:\/\/ru.hrodna.life\/podcast3\/#primaryimage","url":"https:\/\/hrodna.life\/wp-content\/uploads\/2022\/10\/podcast-utulny_600.jpg","contentUrl":"https:\/\/hrodna.life\/wp-content\/uploads\/2022\/10\/podcast-utulny_600.jpg"},{"@type":"BreadcrumbList","@id":"https:\/\/ru.hrodna.life\/podcast3\/#breadcrumb","itemListElement":[{"@type":"ListItem","position":1,"name":"\u0413\u043b\u0430\u0432\u043d\u0430\u044f \u0441\u0442\u0440\u0430\u043d\u0438\u0446\u0430","item":"https:\/\/ru.hrodna.life\/"},{"@type":"ListItem","position":2,"name":"\u041f\u0430\u0434\u043a\u0430\u0441\u0442 &#8220;\u0423\u0442\u0443\u043b\u044c\u043d\u044b \u0433\u043e\u0440\u0430\u0434&#8221;"}]},{"@type":"WebSite","@id":"https:\/\/ru.hrodna.life\/#website","url":"https:\/\/ru.hrodna.life\/","name":"Hrodna.life - \u043d\u043e\u0432\u043e\u0441\u0442\u0438 \u0413\u0440\u043e\u0434\u043d\u043e","description":"Hrodna.life - \u043d\u043e\u0432\u043e\u0441\u0442\u0438 \u0438 \u0438\u0441\u0442\u043e\u0440\u0438\u0438 \u0438\u0437 \u0413\u0440\u043e\u0434\u043d\u043e","publisher":{"@id":"https:\/\/ru.hrodna.life\/#organization"},"potentialAction":[{"@type":"SearchAction","target":{"@type":"EntryPoint","urlTemplate":"https:\/\/ru.hrodna.life\/?s={search_term_string}"},"query-input":{"@type":"PropertyValueSpecification","valueRequired":true,"valueName":"search_term_string"}}],"inLanguage":"ru-RU"},{"@type":"Organization","@id":"https:\/\/ru.hrodna.life\/#organization","name":"Hrodna.life","url":"https:\/\/ru.hrodna.life\/","logo":{"@type":"ImageObject","inLanguage":"ru-RU","@id":"https:\/\/ru.hrodna.life\/#\/schema\/logo\/image\/","url":"https:\/\/ru.hrodna.life\/wp-content\/uploads\/2018\/11\/320-logos3-01.png","contentUrl":"https:\/\/ru.hrodna.life\/wp-content\/uploads\/2018\/11\/320-logos3-01.png","width":320,"height":112,"caption":"Hrodna.life"},"image":{"@id":"https:\/\/ru.hrodna.life\/#\/schema\/logo\/image\/"},"sameAs":["https:\/\/www.facebook.com\/hrodna.one.love","https:\/\/www.linkedin.com\/company\/hrodna-life\/","https:\/\/be.wikipedia.org\/wiki\/Hrodna.life"],"email":"people34letters@gmail.com","legalName":"\u017dmon\u0117s ir raid\u0117s, V\u0161\u012e","foundingDate":"2016-10-10","publishingPrinciples":"https:\/\/ru.hrodna.life\/about-us\/","ethicsPolicy":"https:\/\/ru.hrodna.life\/standarts\/"},{"@type":"Person","@id":"https:\/\/ru.hrodna.life\/#\/schema\/person\/a0a37ad378e520cf788746ec9c82c6f0","name":"HL","image":{"@type":"ImageObject","inLanguage":"ru-RU","@id":"https:\/\/ru.hrodna.life\/#\/schema\/person\/image\/","url":"https:\/\/secure.gravatar.com\/avatar\/849d5e6598e9aa7d9b85e3ac8f218b48?s=96&d=mm&r=g","contentUrl":"https:\/\/secure.gravatar.com\/avatar\/849d5e6598e9aa7d9b85e3ac8f218b48?s=96&d=mm&r=g","caption":"HL"},"description":"\u0420\u044d\u0434\u0430\u043a\u0442\u0430\u0440 Hrodna.life","sameAs":["https:\/\/www.facebook.com\/hrodna.one.love"],"url":"https:\/\/ru.hrodna.life\/author\/aliaksei\/"}]}},"acf":[],"uagb_featured_image_src":{"full":false,"thumbnail":false,"medium":false,"medium_large":false,"large":false,"1536x1536":false,"2048x2048":false,"tptn_thumbnail":false},"uagb_author_info":{"display_name":"HL","author_link":"https:\/\/ru.hrodna.life\/author\/aliaksei\/"},"uagb_comment_info":0,"uagb_excerpt":"\u0420\u0430\u0437\u0431\u0456\u0440\u0430\u0435\u043c \u0443\u0440\u0431\u0430\u043d\u0456\u0441\u0442\u044b\u0447\u043d\u044b\u044f \u043f\u044b\u0442\u0430\u043d\u043d\u0456, \u043a\u0430\u0431 \u043d\u0430 \u043f\u0440\u044b\u043a\u043b\u0430\u0434\u0437\u0435 \u0413\u0440\u043e\u0434\u043d\u0430 \u0432\u044b\u0441\u0432\u0435\u0442\u043b\u0456\u0446\u044c, \u044f\u043a \u0437\u0440\u0430\u0431\u0456\u0446\u044c \u0431\u0435\u043b\u0430\u0440\u0443\u0441\u043a\u0456\u044f \u0433\u0430\u0440\u0430\u0434\u044b \u045e\u0442\u0443\u043b\u044c\u043d\u044b\u043c\u0456. \u042f\u043a\u0456\u043c \u043c\u0430\u0435 \u0431\u044b\u0446\u044c \u0433\u0440\u0430\u043c\u0430\u0434\u0441\u043a\u0456 \u0442\u0440\u0430\u043d\u0441\u043f\u0430\u0440\u0442? \u0410\u0434\u043a\u0443\u043b\u044c \u0443\u0437\u044f\u043b\u0456\u0441\u044f \u043f\u0430\u043d\u044d\u043b\u044c\u043a\u0456? \u0427\u0430\u043c\u0443 \u0434\u0430 \u0440\u044d\u0441\u0442\u0430\u045e\u0440\u0430\u0432\u0430\u043d\u044b\u0445 \u0431\u0443\u0434\u044b\u043d\u043a\u0430\u045e \u0442\u0430\u043a \u0448\u043c\u0430\u0442 \u043f\u044b\u0442\u0430\u043d\u043d\u044f\u045e? \u041a\u0430\u043b\u0456 \u045e \u043a\u043e\u0436\u043d\u0430\u0439 \u0441\u044f\u043c&#8217;\u0456 \u0451\u0441\u0446\u044c \u0430\u045e\u0442\u0430\u043c\u0430\u0431\u0456\u043b\u044c &#8212; \u0433\u044d\u0442\u0430 \u0434\u0440\u044d\u043d\u043d\u0430? \u0428\u0442\u043e \u0440\u0430\u0431\u0456\u0446\u044c \u0437 \u0431\u044f\u0437\u0434\u043e\u043c\u043d\u044b\u043c\u0456 \u0441\u0430\u0431\u0430\u043a\u0430\u043c\u0456? \u0426\u0456 \u0432\u0430\u0440\u0442\u0430 \u0441\u0430\u0440\u0442\u0430\u0432\u0430\u0446\u044c \u0441\u043c\u0435\u0446\u0446\u0435, \u043a\u0430\u043b\u0456 \u0442\u0432\u0430\u0435 \u0441\u0443\u0441\u0435\u0434\u0437\u0456 \u0433\u044d\u0442\u0430\u0433\u0430 \u043d\u0435 \u0440\u043e\u0431\u044f\u0446\u044c? \u042f\u043a \u043f\u0435\u0440\u0430\u0441\u0435\u0441\u0446\u0456 \u043d\u0430","_links":{"self":[{"href":"https:\/\/ru.hrodna.life\/wp-json\/wp\/v2\/pages\/251132","targetHints":{"allow":["GET"]}}],"collection":[{"href":"https:\/\/ru.hrodna.life\/wp-json\/wp\/v2\/pages"}],"about":[{"href":"https:\/\/ru.hrodna.life\/wp-json\/wp\/v2\/types\/page"}],"author":[{"embeddable":true,"href":"https:\/\/ru.hrodna.life\/wp-json\/wp\/v2\/users\/3"}],"replies":[{"embeddable":true,"href":"https:\/\/ru.hrodna.life\/wp-json\/wp\/v2\/comments?post=251132"}],"version-history":[{"count":0,"href":"https:\/\/ru.hrodna.life\/wp-json\/wp\/v2\/pages\/251132\/revisions"}],"wp:attachment":[{"href":"https:\/\/ru.hrodna.life\/wp-json\/wp\/v2\/media?parent=251132"}],"wp:term":[{"taxonomy":"metki","embeddable":true,"href":"https:\/\/ru.hrodna.life\/wp-json\/wp\/v2\/metki?post=251132"}],"curies":[{"name":"wp","href":"https:\/\/api.w.org\/{rel}","templated":true}]}}