{"id":283132,"date":"2024-01-01T08:00:00","date_gmt":"2024-01-01T05:00:00","guid":{"rendered":"https:\/\/ru.hrodna.life\/?page_id=283132"},"modified":"2024-09-07T20:39:13","modified_gmt":"2024-09-07T17:39:13","slug":"standarts","status":"publish","type":"page","link":"https:\/\/ru.hrodna.life\/standarts\/","title":{"rendered":"Hrodna.life \u043f\u0440\u0438\u0434\u0435\u0440\u0436\u0438\u0432\u0430\u0435\u0442\u0441\u044f \u043f\u0440\u043e\u0444\u0435\u0441\u0441\u0438\u043e\u043d\u0430\u043b\u044c\u043d\u044b\u0445 \u0441\u0442\u0430\u043d\u0434\u0430\u0440\u0442\u043e\u0432 \u043a\u0430\u0447\u0435\u0441\u0442\u0432\u0435\u043d\u043d\u043e\u0439 \u0436\u0443\u0440\u043d\u0430\u043b\u0438\u0441\u0442\u0438\u043a\u0438"},"content":{"rendered":"\n<p>\u0420\u0435\u0434\u0430\u043a\u0446\u0438\u044f <strong>Hrodna.life<\/strong> \u0443\u0431\u0435\u0436\u0434\u0435\u043d\u0430 \u0432 \u0446\u0435\u043d\u043d\u043e\u0441\u0442\u0438 \u0438 \u0432\u0430\u0436\u043d\u043e\u0441\u0442\u0438 \u0436\u0443\u0440\u043d\u0430\u043b\u0438\u0441\u0442\u0441\u043a\u0438\u0445 \u0441\u0442\u0430\u043d\u0434\u0430\u0440\u0442\u043e\u0432 \u0434\u043b\u044f \u0440\u0430\u0431\u043e\u0442\u044b \u0431\u0435\u043b\u043e\u0440\u0443\u0441\u0441\u043a\u0438\u0445 \u0421\u041c\u0418. \u0418\u043c\u0435\u043d\u043d\u043e \u043f\u043e\u044d\u0442\u043e\u043c\u0443 \u043c\u044b \u043f\u0440\u0438\u0441\u043e\u0435\u0434\u0438\u043d\u0438\u043b\u0438\u0441\u044c \u043a JTI \u2013 Journalism Trust Initiative. \u042d\u0442\u0438\u043c \u043c\u044b \u043f\u043e\u0434\u0442\u0432\u0435\u0440\u0436\u0434\u0430\u0435\u043c, \u0447\u0442\u043e \u0432\u044b\u0441\u0442\u0443\u043f\u0430\u0435\u043c \u0437\u0430 \u043f\u043e\u043b\u043d\u043e\u0435 \u0441\u043e\u0431\u043b\u044e\u0434\u0435\u043d\u0438\u0435 \u0436\u0443\u0440\u043d\u0430\u043b\u0438\u0441\u0442\u0441\u043a\u0438\u0445 \u043d\u043e\u0440\u043c \u0438 \u0441\u0442\u0430\u043d\u0434\u0430\u0440\u0442\u043e\u0432.<\/p>\n\n\n\n<p>\u041f\u043e\u043b\u043d\u044b\u0439 \u043e\u0442\u0447\u0435\u0442 \u0440\u0435\u0434\u0430\u043a\u0446\u0438\u0438 <strong>Hrodna.life<\/strong> \u0434\u043b\u044f JTI \u0434\u043e\u0441\u0442\u0443\u043f\u0435\u043d \u043f\u043e \u0441\u0441\u044b\u043b\u043a\u0435 \u043d\u0438\u0436\u0435.<\/p>\n\n\n\n<p><a href=\"https:\/\/www.jti-app.com\/report\/VBNY4eBQGljw1Qax\" target=\"_blank\" rel=\"noreferrer noopener nofollow\">Show Transparency Report<\/a><\/p>\n<div id=\"hrodn-2179526816\" class=\"hrodn-posle-kontenta\"><a href=\"https:\/\/hrodna.life\/tax-support\/\" target=\"_blank\" aria-label=\"1,5% \u043d\u0430\u043b\u043e\u0433\u0430 \u0432 \u041f\u043e\u043b\u044c\u0448\u0435\"><img loading=\"lazy\" decoding=\"async\" src=\"https:\/\/ru.hrodna.life\/wp-content\/uploads\/2026\/02\/banner-tax-15.webp\" alt=\"1,5% \u043d\u0430\u043b\u043e\u0433\u0430 \u0432 \u041f\u043e\u043b\u044c\u0448\u0435\"  srcset=\"https:\/\/ru.hrodna.life\/wp-content\/uploads\/2026\/02\/banner-tax-15.webp 740w, https:\/\/ru.hrodna.life\/wp-content\/uploads\/2026\/02\/banner-tax-15-300x251.webp 300w\" sizes=\"(max-width: 740px) 100vw, 740px\" width=\"740\" height=\"620\"   \/><\/a><\/div>","protected":false},"excerpt":{"rendered":"<p>\u0420\u0435\u0434\u0430\u043a\u0446\u0438\u044f Hrodna.life \u0443\u0431\u0435\u0436\u0434\u0435\u043d\u0430 \u0432 \u0446\u0435\u043d\u043d\u043e\u0441\u0442\u0438 \u0438 \u0432\u0430\u0436\u043d\u043e\u0441\u0442\u0438 \u0436\u0443\u0440\u043d\u0430\u043b\u0438\u0441\u0442\u0441\u043a\u0438\u0445 \u0441\u0442\u0430\u043d\u0434\u0430\u0440\u0442\u043e\u0432 \u0434\u043b\u044f \u0440\u0430\u0431\u043e\u0442\u044b \u0431\u0435\u043b\u043e\u0440\u0443\u0441\u0441\u043a\u0438\u0445 \u0421\u041c\u0418. \u0418\u043c\u0435\u043d\u043d\u043e \u043f\u043e\u044d\u0442\u043e\u043c\u0443 \u043c\u044b \u043f\u0440\u0438\u0441\u043e\u0435\u0434\u0438\u043d\u0438\u043b\u0438\u0441\u044c \u043a JTI \u2013 Journalism Trust Initiative. \u042d\u0442\u0438\u043c \u043c\u044b \u043f\u043e\u0434\u0442\u0432\u0435\u0440\u0436\u0434\u0430\u0435\u043c, \u0447\u0442\u043e \u0432\u044b\u0441\u0442\u0443\u043f\u0430\u0435\u043c \u0437\u0430 \u043f\u043e\u043b\u043d\u043e\u0435 \u0441\u043e\u0431\u043b\u044e\u0434\u0435\u043d\u0438\u0435 \u0436\u0443\u0440\u043d\u0430\u043b\u0438\u0441\u0442\u0441\u043a\u0438\u0445 \u043d\u043e\u0440\u043c \u0438 \u0441\u0442\u0430\u043d\u0434\u0430\u0440\u0442\u043e\u0432. \u041f\u043e\u043b\u043d\u044b\u0439 \u043e\u0442\u0447\u0435\u0442 \u0440\u0435\u0434\u0430\u043a\u0446\u0438\u0438 Hrodna.life \u0434\u043b\u044f JTI \u0434\u043e\u0441\u0442\u0443\u043f\u0435\u043d \u043f\u043e \u0441\u0441\u044b\u043b\u043a\u0435 \u043d\u0438\u0436\u0435. Show Transparency Report<\/p>\n","protected":false},"author":3,"featured_media":0,"parent":0,"menu_order":0,"comment_status":"closed","ping_status":"closed","template":"","meta":{"_acf_changed":false,"_uag_custom_page_level_css":"","footnotes":""},"metki":[],"class_list":["post-283132","page","type-page","status-publish"],"yoast_head":"<!-- This site is optimized with the Yoast SEO Premium plugin v26.6 (Yoast SEO v26.6) - https:\/\/yoast.com\/wordpress\/plugins\/seo\/ -->\n<title>\u0421\u0442\u0430\u043d\u0434\u0430\u0440\u0442\u044b \u043a\u0430\u0447\u0435\u0441\u0442\u0432\u0435\u043d\u043d\u043e\u0439 \u0436\u0443\u0440\u043d\u0430\u043b\u0438\u0441\u0442\u0438\u043a\u0438 Hrodna.life \u2013 \u043e\u0442\u0447\u0435\u0442 JTI<\/title>\n<meta name=\"robots\" content=\"index, follow, max-snippet:-1, max-image-preview:large, max-video-preview:-1\" \/>\n<meta property=\"og:locale\" content=\"ru_RU\" \/>\n<meta property=\"og:type\" content=\"article\" \/>\n<meta property=\"og:title\" content=\"Hrodna.life \u043f\u0440\u0438\u0434\u0435\u0440\u0436\u0438\u0432\u0430\u0435\u0442\u0441\u044f \u043f\u0440\u043e\u0444\u0435\u0441\u0441\u0438\u043e\u043d\u0430\u043b\u044c\u043d\u044b\u0445 \u0441\u0442\u0430\u043d\u0434\u0430\u0440\u0442\u043e\u0432 \u043a\u0430\u0447\u0435\u0441\u0442\u0432\u0435\u043d\u043d\u043e\u0439 \u0436\u0443\u0440\u043d\u0430\u043b\u0438\u0441\u0442\u0438\u043a\u0438\" \/>\n<meta property=\"og:description\" content=\"\u0420\u0435\u0434\u0430\u043a\u0446\u0438\u044f Hrodna.life \u0443\u0431\u0435\u0436\u0434\u0435\u043d\u0430 \u0432 \u0446\u0435\u043d\u043d\u043e\u0441\u0442\u0438 \u0438 \u0432\u0430\u0436\u043d\u043e\u0441\u0442\u0438 \u0436\u0443\u0440\u043d\u0430\u043b\u0438\u0441\u0442\u0441\u043a\u0438\u0445 \u0441\u0442\u0430\u043d\u0434\u0430\u0440\u0442\u043e\u0432 \u0434\u043b\u044f \u0440\u0430\u0431\u043e\u0442\u044b \u0431\u0435\u043b\u043e\u0440\u0443\u0441\u0441\u043a\u0438\u0445 \u0421\u041c\u0418. \u0418\u043c\u0435\u043d\u043d\u043e \u043f\u043e\u044d\u0442\u043e\u043c\u0443 \u043c\u044b \u043f\u0440\u0438\u0441\u043e\u0435\u0434\u0438\u043d\u0438\u043b\u0438\u0441\u044c \u043a JTI \u2013 Journalism Trust Initiative. \u042d\u0442\u0438\u043c \u043c\u044b \u043f\u043e\u0434\u0442\u0432\u0435\u0440\u0436\u0434\u0430\u0435\u043c, \u0447\u0442\u043e \u0432\u044b\u0441\u0442\u0443\u043f\u0430\u0435\u043c \u0437\u0430 \u043f\u043e\u043b\u043d\u043e\u0435 \u0441\u043e\u0431\u043b\u044e\u0434\u0435\u043d\u0438\u0435 \u0436\u0443\u0440\u043d\u0430\u043b\u0438\u0441\u0442\u0441\u043a\u0438\u0445 \u043d\u043e\u0440\u043c \u0438 \u0441\u0442\u0430\u043d\u0434\u0430\u0440\u0442\u043e\u0432. \u041f\u043e\u043b\u043d\u044b\u0439 \u043e\u0442\u0447\u0435\u0442 \u0440\u0435\u0434\u0430\u043a\u0446\u0438\u0438 Hrodna.life \u0434\u043b\u044f JTI \u0434\u043e\u0441\u0442\u0443\u043f\u0435\u043d \u043f\u043e \u0441\u0441\u044b\u043b\u043a\u0435 \u043d\u0438\u0436\u0435. Show Transparency Report\" \/>\n<meta property=\"og:url\" content=\"https:\/\/ru.hrodna.life\/standarts\/\" \/>\n<meta property=\"og:site_name\" content=\"Hrodna.life - \u043d\u043e\u0432\u043e\u0441\u0442\u0438 \u0413\u0440\u043e\u0434\u043d\u043e\" \/>\n<meta property=\"article:publisher\" content=\"https:\/\/www.facebook.com\/hrodna.one.love\" \/>\n<meta property=\"article:modified_time\" content=\"2024-09-07T17:39:13+00:00\" \/>\n<meta name=\"twitter:card\" content=\"summary_large_image\" \/>\n<script type=\"application\/ld+json\" class=\"yoast-schema-graph\">{\"@context\":\"https:\/\/schema.org\",\"@graph\":[{\"@type\":\"Article\",\"@id\":\"https:\/\/ru.hrodna.life\/standarts\/#article\",\"isPartOf\":{\"@id\":\"https:\/\/ru.hrodna.life\/standarts\/\"},\"author\":{\"name\":\"HL\",\"@id\":\"https:\/\/ru.hrodna.life\/#\/schema\/person\/a0a37ad378e520cf788746ec9c82c6f0\"},\"headline\":\"Hrodna.life \u043f\u0440\u0438\u0434\u0435\u0440\u0436\u0438\u0432\u0430\u0435\u0442\u0441\u044f \u043f\u0440\u043e\u0444\u0435\u0441\u0441\u0438\u043e\u043d\u0430\u043b\u044c\u043d\u044b\u0445 \u0441\u0442\u0430\u043d\u0434\u0430\u0440\u0442\u043e\u0432 \u043a\u0430\u0447\u0435\u0441\u0442\u0432\u0435\u043d\u043d\u043e\u0439 \u0436\u0443\u0440\u043d\u0430\u043b\u0438\u0441\u0442\u0438\u043a\u0438\",\"datePublished\":\"2024-01-01T05:00:00+00:00\",\"dateModified\":\"2024-09-07T17:39:13+00:00\",\"mainEntityOfPage\":{\"@id\":\"https:\/\/ru.hrodna.life\/standarts\/\"},\"wordCount\":56,\"publisher\":{\"@id\":\"https:\/\/ru.hrodna.life\/#organization\"},\"inLanguage\":\"ru-RU\"},{\"@type\":\"WebPage\",\"@id\":\"https:\/\/ru.hrodna.life\/standarts\/\",\"url\":\"https:\/\/ru.hrodna.life\/standarts\/\",\"name\":\"\u0421\u0442\u0430\u043d\u0434\u0430\u0440\u0442\u044b \u043a\u0430\u0447\u0435\u0441\u0442\u0432\u0435\u043d\u043d\u043e\u0439 \u0436\u0443\u0440\u043d\u0430\u043b\u0438\u0441\u0442\u0438\u043a\u0438 Hrodna.life \u2013 \u043e\u0442\u0447\u0435\u0442 JTI\",\"isPartOf\":{\"@id\":\"https:\/\/ru.hrodna.life\/#website\"},\"datePublished\":\"2024-01-01T05:00:00+00:00\",\"dateModified\":\"2024-09-07T17:39:13+00:00\",\"breadcrumb\":{\"@id\":\"https:\/\/ru.hrodna.life\/standarts\/#breadcrumb\"},\"inLanguage\":\"ru-RU\",\"potentialAction\":[{\"@type\":\"ReadAction\",\"target\":[\"https:\/\/ru.hrodna.life\/standarts\/\"]}]},{\"@type\":\"BreadcrumbList\",\"@id\":\"https:\/\/ru.hrodna.life\/standarts\/#breadcrumb\",\"itemListElement\":[{\"@type\":\"ListItem\",\"position\":1,\"name\":\"\u0413\u043b\u0430\u0432\u043d\u0430\u044f \u0441\u0442\u0440\u0430\u043d\u0438\u0446\u0430\",\"item\":\"https:\/\/ru.hrodna.life\/\"},{\"@type\":\"ListItem\",\"position\":2,\"name\":\"Hrodna.life \u043f\u0440\u0438\u0434\u0435\u0440\u0436\u0438\u0432\u0430\u0435\u0442\u0441\u044f \u043f\u0440\u043e\u0444\u0435\u0441\u0441\u0438\u043e\u043d\u0430\u043b\u044c\u043d\u044b\u0445 \u0441\u0442\u0430\u043d\u0434\u0430\u0440\u0442\u043e\u0432 \u043a\u0430\u0447\u0435\u0441\u0442\u0432\u0435\u043d\u043d\u043e\u0439 \u0436\u0443\u0440\u043d\u0430\u043b\u0438\u0441\u0442\u0438\u043a\u0438\"}]},{\"@type\":\"WebSite\",\"@id\":\"https:\/\/ru.hrodna.life\/#website\",\"url\":\"https:\/\/ru.hrodna.life\/\",\"name\":\"Hrodna.life - \u043d\u043e\u0432\u043e\u0441\u0442\u0438 \u0413\u0440\u043e\u0434\u043d\u043e\",\"description\":\"Hrodna.life - \u043d\u043e\u0432\u043e\u0441\u0442\u0438 \u0438 \u0438\u0441\u0442\u043e\u0440\u0438\u0438 \u0438\u0437 \u0413\u0440\u043e\u0434\u043d\u043e\",\"publisher\":{\"@id\":\"https:\/\/ru.hrodna.life\/#organization\"},\"potentialAction\":[{\"@type\":\"SearchAction\",\"target\":{\"@type\":\"EntryPoint\",\"urlTemplate\":\"https:\/\/ru.hrodna.life\/?s={search_term_string}\"},\"query-input\":{\"@type\":\"PropertyValueSpecification\",\"valueRequired\":true,\"valueName\":\"search_term_string\"}}],\"inLanguage\":\"ru-RU\"},{\"@type\":\"Organization\",\"@id\":\"https:\/\/ru.hrodna.life\/#organization\",\"name\":\"Hrodna.life\",\"url\":\"https:\/\/ru.hrodna.life\/\",\"logo\":{\"@type\":\"ImageObject\",\"inLanguage\":\"ru-RU\",\"@id\":\"https:\/\/ru.hrodna.life\/#\/schema\/logo\/image\/\",\"url\":\"https:\/\/ru.hrodna.life\/wp-content\/uploads\/2018\/11\/320-logos3-01.png\",\"contentUrl\":\"https:\/\/ru.hrodna.life\/wp-content\/uploads\/2018\/11\/320-logos3-01.png\",\"width\":320,\"height\":112,\"caption\":\"Hrodna.life\"},\"image\":{\"@id\":\"https:\/\/ru.hrodna.life\/#\/schema\/logo\/image\/\"},\"sameAs\":[\"https:\/\/www.facebook.com\/hrodna.one.love\",\"https:\/\/www.linkedin.com\/company\/hrodna-life\/\",\"https:\/\/be.wikipedia.org\/wiki\/Hrodna.life\"],\"email\":\"people34letters@gmail.com\",\"legalName\":\"\u017dmon\u0117s ir raid\u0117s, V\u0161\u012e\",\"foundingDate\":\"2016-10-10\",\"publishingPrinciples\":\"https:\/\/ru.hrodna.life\/about-us\/\",\"ethicsPolicy\":\"https:\/\/ru.hrodna.life\/standarts\/\"},{\"@type\":\"Person\",\"@id\":\"https:\/\/ru.hrodna.life\/#\/schema\/person\/a0a37ad378e520cf788746ec9c82c6f0\",\"name\":\"HL\",\"image\":{\"@type\":\"ImageObject\",\"inLanguage\":\"ru-RU\",\"@id\":\"https:\/\/ru.hrodna.life\/#\/schema\/person\/image\/\",\"url\":\"https:\/\/secure.gravatar.com\/avatar\/849d5e6598e9aa7d9b85e3ac8f218b48?s=96&d=mm&r=g\",\"contentUrl\":\"https:\/\/secure.gravatar.com\/avatar\/849d5e6598e9aa7d9b85e3ac8f218b48?s=96&d=mm&r=g\",\"caption\":\"HL\"},\"description\":\"\u0420\u044d\u0434\u0430\u043a\u0442\u0430\u0440 Hrodna.life\",\"sameAs\":[\"https:\/\/www.facebook.com\/hrodna.one.love\"],\"url\":\"https:\/\/ru.hrodna.life\/author\/aliaksei\/\"}]}<\/script>\n<!-- \/ Yoast SEO Premium plugin. -->","yoast_head_json":{"title":"\u0421\u0442\u0430\u043d\u0434\u0430\u0440\u0442\u044b \u043a\u0430\u0447\u0435\u0441\u0442\u0432\u0435\u043d\u043d\u043e\u0439 \u0436\u0443\u0440\u043d\u0430\u043b\u0438\u0441\u0442\u0438\u043a\u0438 Hrodna.life \u2013 \u043e\u0442\u0447\u0435\u0442 JTI","robots":{"index":"index","follow":"follow","max-snippet":"max-snippet:-1","max-image-preview":"max-image-preview:large","max-video-preview":"max-video-preview:-1"},"og_locale":"ru_RU","og_type":"article","og_title":"Hrodna.life \u043f\u0440\u0438\u0434\u0435\u0440\u0436\u0438\u0432\u0430\u0435\u0442\u0441\u044f \u043f\u0440\u043e\u0444\u0435\u0441\u0441\u0438\u043e\u043d\u0430\u043b\u044c\u043d\u044b\u0445 \u0441\u0442\u0430\u043d\u0434\u0430\u0440\u0442\u043e\u0432 \u043a\u0430\u0447\u0435\u0441\u0442\u0432\u0435\u043d\u043d\u043e\u0439 \u0436\u0443\u0440\u043d\u0430\u043b\u0438\u0441\u0442\u0438\u043a\u0438","og_description":"\u0420\u0435\u0434\u0430\u043a\u0446\u0438\u044f Hrodna.life \u0443\u0431\u0435\u0436\u0434\u0435\u043d\u0430 \u0432 \u0446\u0435\u043d\u043d\u043e\u0441\u0442\u0438 \u0438 \u0432\u0430\u0436\u043d\u043e\u0441\u0442\u0438 \u0436\u0443\u0440\u043d\u0430\u043b\u0438\u0441\u0442\u0441\u043a\u0438\u0445 \u0441\u0442\u0430\u043d\u0434\u0430\u0440\u0442\u043e\u0432 \u0434\u043b\u044f \u0440\u0430\u0431\u043e\u0442\u044b \u0431\u0435\u043b\u043e\u0440\u0443\u0441\u0441\u043a\u0438\u0445 \u0421\u041c\u0418. \u0418\u043c\u0435\u043d\u043d\u043e \u043f\u043e\u044d\u0442\u043e\u043c\u0443 \u043c\u044b \u043f\u0440\u0438\u0441\u043e\u0435\u0434\u0438\u043d\u0438\u043b\u0438\u0441\u044c \u043a JTI \u2013 Journalism Trust Initiative. \u042d\u0442\u0438\u043c \u043c\u044b \u043f\u043e\u0434\u0442\u0432\u0435\u0440\u0436\u0434\u0430\u0435\u043c, \u0447\u0442\u043e \u0432\u044b\u0441\u0442\u0443\u043f\u0430\u0435\u043c \u0437\u0430 \u043f\u043e\u043b\u043d\u043e\u0435 \u0441\u043e\u0431\u043b\u044e\u0434\u0435\u043d\u0438\u0435 \u0436\u0443\u0440\u043d\u0430\u043b\u0438\u0441\u0442\u0441\u043a\u0438\u0445 \u043d\u043e\u0440\u043c \u0438 \u0441\u0442\u0430\u043d\u0434\u0430\u0440\u0442\u043e\u0432. \u041f\u043e\u043b\u043d\u044b\u0439 \u043e\u0442\u0447\u0435\u0442 \u0440\u0435\u0434\u0430\u043a\u0446\u0438\u0438 Hrodna.life \u0434\u043b\u044f JTI \u0434\u043e\u0441\u0442\u0443\u043f\u0435\u043d \u043f\u043e \u0441\u0441\u044b\u043b\u043a\u0435 \u043d\u0438\u0436\u0435. Show Transparency Report","og_url":"https:\/\/ru.hrodna.life\/standarts\/","og_site_name":"Hrodna.life - \u043d\u043e\u0432\u043e\u0441\u0442\u0438 \u0413\u0440\u043e\u0434\u043d\u043e","article_publisher":"https:\/\/www.facebook.com\/hrodna.one.love","article_modified_time":"2024-09-07T17:39:13+00:00","twitter_card":"summary_large_image","schema":{"@context":"https:\/\/schema.org","@graph":[{"@type":"Article","@id":"https:\/\/ru.hrodna.life\/standarts\/#article","isPartOf":{"@id":"https:\/\/ru.hrodna.life\/standarts\/"},"author":{"name":"HL","@id":"https:\/\/ru.hrodna.life\/#\/schema\/person\/a0a37ad378e520cf788746ec9c82c6f0"},"headline":"Hrodna.life \u043f\u0440\u0438\u0434\u0435\u0440\u0436\u0438\u0432\u0430\u0435\u0442\u0441\u044f \u043f\u0440\u043e\u0444\u0435\u0441\u0441\u0438\u043e\u043d\u0430\u043b\u044c\u043d\u044b\u0445 \u0441\u0442\u0430\u043d\u0434\u0430\u0440\u0442\u043e\u0432 \u043a\u0430\u0447\u0435\u0441\u0442\u0432\u0435\u043d\u043d\u043e\u0439 \u0436\u0443\u0440\u043d\u0430\u043b\u0438\u0441\u0442\u0438\u043a\u0438","datePublished":"2024-01-01T05:00:00+00:00","dateModified":"2024-09-07T17:39:13+00:00","mainEntityOfPage":{"@id":"https:\/\/ru.hrodna.life\/standarts\/"},"wordCount":56,"publisher":{"@id":"https:\/\/ru.hrodna.life\/#organization"},"inLanguage":"ru-RU"},{"@type":"WebPage","@id":"https:\/\/ru.hrodna.life\/standarts\/","url":"https:\/\/ru.hrodna.life\/standarts\/","name":"\u0421\u0442\u0430\u043d\u0434\u0430\u0440\u0442\u044b \u043a\u0430\u0447\u0435\u0441\u0442\u0432\u0435\u043d\u043d\u043e\u0439 \u0436\u0443\u0440\u043d\u0430\u043b\u0438\u0441\u0442\u0438\u043a\u0438 Hrodna.life \u2013 \u043e\u0442\u0447\u0435\u0442 JTI","isPartOf":{"@id":"https:\/\/ru.hrodna.life\/#website"},"datePublished":"2024-01-01T05:00:00+00:00","dateModified":"2024-09-07T17:39:13+00:00","breadcrumb":{"@id":"https:\/\/ru.hrodna.life\/standarts\/#breadcrumb"},"inLanguage":"ru-RU","potentialAction":[{"@type":"ReadAction","target":["https:\/\/ru.hrodna.life\/standarts\/"]}]},{"@type":"BreadcrumbList","@id":"https:\/\/ru.hrodna.life\/standarts\/#breadcrumb","itemListElement":[{"@type":"ListItem","position":1,"name":"\u0413\u043b\u0430\u0432\u043d\u0430\u044f \u0441\u0442\u0440\u0430\u043d\u0438\u0446\u0430","item":"https:\/\/ru.hrodna.life\/"},{"@type":"ListItem","position":2,"name":"Hrodna.life \u043f\u0440\u0438\u0434\u0435\u0440\u0436\u0438\u0432\u0430\u0435\u0442\u0441\u044f \u043f\u0440\u043e\u0444\u0435\u0441\u0441\u0438\u043e\u043d\u0430\u043b\u044c\u043d\u044b\u0445 \u0441\u0442\u0430\u043d\u0434\u0430\u0440\u0442\u043e\u0432 \u043a\u0430\u0447\u0435\u0441\u0442\u0432\u0435\u043d\u043d\u043e\u0439 \u0436\u0443\u0440\u043d\u0430\u043b\u0438\u0441\u0442\u0438\u043a\u0438"}]},{"@type":"WebSite","@id":"https:\/\/ru.hrodna.life\/#website","url":"https:\/\/ru.hrodna.life\/","name":"Hrodna.life - \u043d\u043e\u0432\u043e\u0441\u0442\u0438 \u0413\u0440\u043e\u0434\u043d\u043e","description":"Hrodna.life - \u043d\u043e\u0432\u043e\u0441\u0442\u0438 \u0438 \u0438\u0441\u0442\u043e\u0440\u0438\u0438 \u0438\u0437 \u0413\u0440\u043e\u0434\u043d\u043e","publisher":{"@id":"https:\/\/ru.hrodna.life\/#organization"},"potentialAction":[{"@type":"SearchAction","target":{"@type":"EntryPoint","urlTemplate":"https:\/\/ru.hrodna.life\/?s={search_term_string}"},"query-input":{"@type":"PropertyValueSpecification","valueRequired":true,"valueName":"search_term_string"}}],"inLanguage":"ru-RU"},{"@type":"Organization","@id":"https:\/\/ru.hrodna.life\/#organization","name":"Hrodna.life","url":"https:\/\/ru.hrodna.life\/","logo":{"@type":"ImageObject","inLanguage":"ru-RU","@id":"https:\/\/ru.hrodna.life\/#\/schema\/logo\/image\/","url":"https:\/\/ru.hrodna.life\/wp-content\/uploads\/2018\/11\/320-logos3-01.png","contentUrl":"https:\/\/ru.hrodna.life\/wp-content\/uploads\/2018\/11\/320-logos3-01.png","width":320,"height":112,"caption":"Hrodna.life"},"image":{"@id":"https:\/\/ru.hrodna.life\/#\/schema\/logo\/image\/"},"sameAs":["https:\/\/www.facebook.com\/hrodna.one.love","https:\/\/www.linkedin.com\/company\/hrodna-life\/","https:\/\/be.wikipedia.org\/wiki\/Hrodna.life"],"email":"people34letters@gmail.com","legalName":"\u017dmon\u0117s ir raid\u0117s, V\u0161\u012e","foundingDate":"2016-10-10","publishingPrinciples":"https:\/\/ru.hrodna.life\/about-us\/","ethicsPolicy":"https:\/\/ru.hrodna.life\/standarts\/"},{"@type":"Person","@id":"https:\/\/ru.hrodna.life\/#\/schema\/person\/a0a37ad378e520cf788746ec9c82c6f0","name":"HL","image":{"@type":"ImageObject","inLanguage":"ru-RU","@id":"https:\/\/ru.hrodna.life\/#\/schema\/person\/image\/","url":"https:\/\/secure.gravatar.com\/avatar\/849d5e6598e9aa7d9b85e3ac8f218b48?s=96&d=mm&r=g","contentUrl":"https:\/\/secure.gravatar.com\/avatar\/849d5e6598e9aa7d9b85e3ac8f218b48?s=96&d=mm&r=g","caption":"HL"},"description":"\u0420\u044d\u0434\u0430\u043a\u0442\u0430\u0440 Hrodna.life","sameAs":["https:\/\/www.facebook.com\/hrodna.one.love"],"url":"https:\/\/ru.hrodna.life\/author\/aliaksei\/"}]}},"acf":[],"uagb_featured_image_src":{"full":false,"thumbnail":false,"medium":false,"medium_large":false,"large":false,"1536x1536":false,"2048x2048":false,"tptn_thumbnail":false},"uagb_author_info":{"display_name":"HL","author_link":"https:\/\/ru.hrodna.life\/author\/aliaksei\/"},"uagb_comment_info":0,"uagb_excerpt":"\u0420\u0435\u0434\u0430\u043a\u0446\u0438\u044f Hrodna.life \u0443\u0431\u0435\u0436\u0434\u0435\u043d\u0430 \u0432 \u0446\u0435\u043d\u043d\u043e\u0441\u0442\u0438 \u0438 \u0432\u0430\u0436\u043d\u043e\u0441\u0442\u0438 \u0436\u0443\u0440\u043d\u0430\u043b\u0438\u0441\u0442\u0441\u043a\u0438\u0445 \u0441\u0442\u0430\u043d\u0434\u0430\u0440\u0442\u043e\u0432 \u0434\u043b\u044f \u0440\u0430\u0431\u043e\u0442\u044b \u0431\u0435\u043b\u043e\u0440\u0443\u0441\u0441\u043a\u0438\u0445 \u0421\u041c\u0418. \u0418\u043c\u0435\u043d\u043d\u043e \u043f\u043e\u044d\u0442\u043e\u043c\u0443 \u043c\u044b \u043f\u0440\u0438\u0441\u043e\u0435\u0434\u0438\u043d\u0438\u043b\u0438\u0441\u044c \u043a JTI \u2013 Journalism Trust Initiative. \u042d\u0442\u0438\u043c \u043c\u044b \u043f\u043e\u0434\u0442\u0432\u0435\u0440\u0436\u0434\u0430\u0435\u043c, \u0447\u0442\u043e \u0432\u044b\u0441\u0442\u0443\u043f\u0430\u0435\u043c \u0437\u0430 \u043f\u043e\u043b\u043d\u043e\u0435 \u0441\u043e\u0431\u043b\u044e\u0434\u0435\u043d\u0438\u0435 \u0436\u0443\u0440\u043d\u0430\u043b\u0438\u0441\u0442\u0441\u043a\u0438\u0445 \u043d\u043e\u0440\u043c \u0438 \u0441\u0442\u0430\u043d\u0434\u0430\u0440\u0442\u043e\u0432. \u041f\u043e\u043b\u043d\u044b\u0439 \u043e\u0442\u0447\u0435\u0442 \u0440\u0435\u0434\u0430\u043a\u0446\u0438\u0438 Hrodna.life \u0434\u043b\u044f JTI \u0434\u043e\u0441\u0442\u0443\u043f\u0435\u043d \u043f\u043e \u0441\u0441\u044b\u043b\u043a\u0435 \u043d\u0438\u0436\u0435. Show Transparency Report","_links":{"self":[{"href":"https:\/\/ru.hrodna.life\/wp-json\/wp\/v2\/pages\/283132","targetHints":{"allow":["GET"]}}],"collection":[{"href":"https:\/\/ru.hrodna.life\/wp-json\/wp\/v2\/pages"}],"about":[{"href":"https:\/\/ru.hrodna.life\/wp-json\/wp\/v2\/types\/page"}],"author":[{"embeddable":true,"href":"https:\/\/ru.hrodna.life\/wp-json\/wp\/v2\/users\/3"}],"replies":[{"embeddable":true,"href":"https:\/\/ru.hrodna.life\/wp-json\/wp\/v2\/comments?post=283132"}],"version-history":[{"count":1,"href":"https:\/\/ru.hrodna.life\/wp-json\/wp\/v2\/pages\/283132\/revisions"}],"predecessor-version":[{"id":283133,"href":"https:\/\/ru.hrodna.life\/wp-json\/wp\/v2\/pages\/283132\/revisions\/283133"}],"wp:attachment":[{"href":"https:\/\/ru.hrodna.life\/wp-json\/wp\/v2\/media?parent=283132"}],"wp:term":[{"taxonomy":"metki","embeddable":true,"href":"https:\/\/ru.hrodna.life\/wp-json\/wp\/v2\/metki?post=283132"}],"curies":[{"name":"wp","href":"https:\/\/api.w.org\/{rel}","templated":true}]}}