{"id":666,"date":"2016-10-09T13:20:18","date_gmt":"2016-10-09T13:20:18","guid":{"rendered":"http:\/\/hrodna.life\/?page_id=666"},"modified":"2016-10-09T13:20:18","modified_gmt":"2016-10-09T13:20:18","slug":"novosti","status":"publish","type":"page","link":"https:\/\/ru.hrodna.life\/novosti\/","title":{"rendered":"\u041d\u043e\u0432\u043e\u0441\u0442\u0438"},"content":{"rendered":"<div id=\"hrodn-2259625558\" class=\"hrodn-posle-kontenta\"><a href=\"https:\/\/hrodna.life\/tax-support\/\" target=\"_blank\" aria-label=\"1,5% \u043d\u0430\u043b\u043e\u0433\u0430 \u0432 \u041f\u043e\u043b\u044c\u0448\u0435\"><img loading=\"lazy\" decoding=\"async\" src=\"https:\/\/ru.hrodna.life\/wp-content\/uploads\/2026\/02\/banner-tax-15.webp\" alt=\"1,5% \u043d\u0430\u043b\u043e\u0433\u0430 \u0432 \u041f\u043e\u043b\u044c\u0448\u0435\"  srcset=\"https:\/\/ru.hrodna.life\/wp-content\/uploads\/2026\/02\/banner-tax-15.webp 740w, https:\/\/ru.hrodna.life\/wp-content\/uploads\/2026\/02\/banner-tax-15-300x251.webp 300w\" sizes=\"(max-width: 740px) 100vw, 740px\" width=\"740\" height=\"620\"   \/><\/a><\/div>","protected":false},"excerpt":{"rendered":"","protected":false},"author":1,"featured_media":0,"parent":0,"menu_order":0,"comment_status":"closed","ping_status":"closed","template":"page-news.php","meta":{"_acf_changed":false,"_uag_custom_page_level_css":"","footnotes":""},"metki":[],"class_list":["post-666","page","type-page","status-publish"],"yoast_head":"<!-- This site is optimized with the Yoast SEO Premium plugin v26.6 (Yoast SEO v26.6) - https:\/\/yoast.com\/wordpress\/plugins\/seo\/ -->\n<title>\u041d\u043e\u0432\u043e\u0441\u0442\u0438 - Hrodna.life - \u043d\u043e\u0432\u043e\u0441\u0442\u0438 \u0413\u0440\u043e\u0434\u043d\u043e<\/title>\n<meta name=\"robots\" content=\"index, follow, max-snippet:-1, max-image-preview:large, max-video-preview:-1\" \/>\n<meta property=\"og:locale\" content=\"ru_RU\" \/>\n<meta property=\"og:type\" content=\"article\" \/>\n<meta property=\"og:title\" content=\"\u041d\u043e\u0432\u043e\u0441\u0442\u0438\" \/>\n<meta property=\"og:url\" content=\"https:\/\/ru.hrodna.life\/novosti\/\" \/>\n<meta property=\"og:site_name\" content=\"Hrodna.life - \u043d\u043e\u0432\u043e\u0441\u0442\u0438 \u0413\u0440\u043e\u0434\u043d\u043e\" \/>\n<meta property=\"article:publisher\" content=\"https:\/\/www.facebook.com\/hrodna.one.love\" \/>\n<meta name=\"twitter:card\" content=\"summary_large_image\" \/>\n<script type=\"application\/ld+json\" class=\"yoast-schema-graph\">{\"@context\":\"https:\/\/schema.org\",\"@graph\":[{\"@type\":\"Article\",\"@id\":\"https:\/\/ru.hrodna.life\/novosti\/#article\",\"isPartOf\":{\"@id\":\"https:\/\/ru.hrodna.life\/novosti\/\"},\"author\":{\"name\":\"Danyang\",\"@id\":\"https:\/\/ru.hrodna.life\/#\/schema\/person\/ba181ea0bb67acb9a0ea091c2b64d457\"},\"headline\":\"\u041d\u043e\u0432\u043e\u0441\u0442\u0438\",\"datePublished\":\"2016-10-09T13:20:18+00:00\",\"mainEntityOfPage\":{\"@id\":\"https:\/\/ru.hrodna.life\/novosti\/\"},\"wordCount\":1,\"publisher\":{\"@id\":\"https:\/\/ru.hrodna.life\/#organization\"},\"inLanguage\":\"ru-RU\"},{\"@type\":\"WebPage\",\"@id\":\"https:\/\/ru.hrodna.life\/novosti\/\",\"url\":\"https:\/\/ru.hrodna.life\/novosti\/\",\"name\":\"\u041d\u043e\u0432\u043e\u0441\u0442\u0438 - Hrodna.life - \u043d\u043e\u0432\u043e\u0441\u0442\u0438 \u0413\u0440\u043e\u0434\u043d\u043e\",\"isPartOf\":{\"@id\":\"https:\/\/ru.hrodna.life\/#website\"},\"datePublished\":\"2016-10-09T13:20:18+00:00\",\"breadcrumb\":{\"@id\":\"https:\/\/ru.hrodna.life\/novosti\/#breadcrumb\"},\"inLanguage\":\"ru-RU\",\"potentialAction\":[{\"@type\":\"ReadAction\",\"target\":[\"https:\/\/ru.hrodna.life\/novosti\/\"]}]},{\"@type\":\"BreadcrumbList\",\"@id\":\"https:\/\/ru.hrodna.life\/novosti\/#breadcrumb\",\"itemListElement\":[{\"@type\":\"ListItem\",\"position\":1,\"name\":\"\u0413\u043b\u0430\u0432\u043d\u0430\u044f \u0441\u0442\u0440\u0430\u043d\u0438\u0446\u0430\",\"item\":\"https:\/\/ru.hrodna.life\/\"},{\"@type\":\"ListItem\",\"position\":2,\"name\":\"\u041d\u043e\u0432\u043e\u0441\u0442\u0438\"}]},{\"@type\":\"WebSite\",\"@id\":\"https:\/\/ru.hrodna.life\/#website\",\"url\":\"https:\/\/ru.hrodna.life\/\",\"name\":\"Hrodna.life - \u043d\u043e\u0432\u043e\u0441\u0442\u0438 \u0413\u0440\u043e\u0434\u043d\u043e\",\"description\":\"Hrodna.life - \u043d\u043e\u0432\u043e\u0441\u0442\u0438 \u0438 \u0438\u0441\u0442\u043e\u0440\u0438\u0438 \u0438\u0437 \u0413\u0440\u043e\u0434\u043d\u043e\",\"publisher\":{\"@id\":\"https:\/\/ru.hrodna.life\/#organization\"},\"potentialAction\":[{\"@type\":\"SearchAction\",\"target\":{\"@type\":\"EntryPoint\",\"urlTemplate\":\"https:\/\/ru.hrodna.life\/?s={search_term_string}\"},\"query-input\":{\"@type\":\"PropertyValueSpecification\",\"valueRequired\":true,\"valueName\":\"search_term_string\"}}],\"inLanguage\":\"ru-RU\"},{\"@type\":\"Organization\",\"@id\":\"https:\/\/ru.hrodna.life\/#organization\",\"name\":\"Hrodna.life\",\"url\":\"https:\/\/ru.hrodna.life\/\",\"logo\":{\"@type\":\"ImageObject\",\"inLanguage\":\"ru-RU\",\"@id\":\"https:\/\/ru.hrodna.life\/#\/schema\/logo\/image\/\",\"url\":\"https:\/\/ru.hrodna.life\/wp-content\/uploads\/2018\/11\/320-logos3-01.png\",\"contentUrl\":\"https:\/\/ru.hrodna.life\/wp-content\/uploads\/2018\/11\/320-logos3-01.png\",\"width\":320,\"height\":112,\"caption\":\"Hrodna.life\"},\"image\":{\"@id\":\"https:\/\/ru.hrodna.life\/#\/schema\/logo\/image\/\"},\"sameAs\":[\"https:\/\/www.facebook.com\/hrodna.one.love\",\"https:\/\/www.linkedin.com\/company\/hrodna-life\/\",\"https:\/\/be.wikipedia.org\/wiki\/Hrodna.life\"],\"email\":\"people34letters@gmail.com\",\"legalName\":\"\u017dmon\u0117s ir raid\u0117s, V\u0161\u012e\",\"foundingDate\":\"2016-10-10\",\"publishingPrinciples\":\"https:\/\/ru.hrodna.life\/about-us\/\",\"ethicsPolicy\":\"https:\/\/ru.hrodna.life\/standarts\/\"},{\"@type\":\"Person\",\"@id\":\"https:\/\/ru.hrodna.life\/#\/schema\/person\/ba181ea0bb67acb9a0ea091c2b64d457\",\"name\":\"Danyang\",\"image\":{\"@type\":\"ImageObject\",\"inLanguage\":\"ru-RU\",\"@id\":\"https:\/\/ru.hrodna.life\/#\/schema\/person\/image\/\",\"url\":\"https:\/\/secure.gravatar.com\/avatar\/90db9f72a3cb9feee34381a9cda14c7a?s=96&d=mm&r=g\",\"contentUrl\":\"https:\/\/secure.gravatar.com\/avatar\/90db9f72a3cb9feee34381a9cda14c7a?s=96&d=mm&r=g\",\"caption\":\"Danyang\"},\"url\":\"https:\/\/ru.hrodna.life\/author\/danyang\/\"}]}<\/script>\n<!-- \/ Yoast SEO Premium plugin. -->","yoast_head_json":{"title":"\u041d\u043e\u0432\u043e\u0441\u0442\u0438 - Hrodna.life - \u043d\u043e\u0432\u043e\u0441\u0442\u0438 \u0413\u0440\u043e\u0434\u043d\u043e","robots":{"index":"index","follow":"follow","max-snippet":"max-snippet:-1","max-image-preview":"max-image-preview:large","max-video-preview":"max-video-preview:-1"},"og_locale":"ru_RU","og_type":"article","og_title":"\u041d\u043e\u0432\u043e\u0441\u0442\u0438","og_url":"https:\/\/ru.hrodna.life\/novosti\/","og_site_name":"Hrodna.life - \u043d\u043e\u0432\u043e\u0441\u0442\u0438 \u0413\u0440\u043e\u0434\u043d\u043e","article_publisher":"https:\/\/www.facebook.com\/hrodna.one.love","twitter_card":"summary_large_image","schema":{"@context":"https:\/\/schema.org","@graph":[{"@type":"Article","@id":"https:\/\/ru.hrodna.life\/novosti\/#article","isPartOf":{"@id":"https:\/\/ru.hrodna.life\/novosti\/"},"author":{"name":"Danyang","@id":"https:\/\/ru.hrodna.life\/#\/schema\/person\/ba181ea0bb67acb9a0ea091c2b64d457"},"headline":"\u041d\u043e\u0432\u043e\u0441\u0442\u0438","datePublished":"2016-10-09T13:20:18+00:00","mainEntityOfPage":{"@id":"https:\/\/ru.hrodna.life\/novosti\/"},"wordCount":1,"publisher":{"@id":"https:\/\/ru.hrodna.life\/#organization"},"inLanguage":"ru-RU"},{"@type":"WebPage","@id":"https:\/\/ru.hrodna.life\/novosti\/","url":"https:\/\/ru.hrodna.life\/novosti\/","name":"\u041d\u043e\u0432\u043e\u0441\u0442\u0438 - Hrodna.life - \u043d\u043e\u0432\u043e\u0441\u0442\u0438 \u0413\u0440\u043e\u0434\u043d\u043e","isPartOf":{"@id":"https:\/\/ru.hrodna.life\/#website"},"datePublished":"2016-10-09T13:20:18+00:00","breadcrumb":{"@id":"https:\/\/ru.hrodna.life\/novosti\/#breadcrumb"},"inLanguage":"ru-RU","potentialAction":[{"@type":"ReadAction","target":["https:\/\/ru.hrodna.life\/novosti\/"]}]},{"@type":"BreadcrumbList","@id":"https:\/\/ru.hrodna.life\/novosti\/#breadcrumb","itemListElement":[{"@type":"ListItem","position":1,"name":"\u0413\u043b\u0430\u0432\u043d\u0430\u044f \u0441\u0442\u0440\u0430\u043d\u0438\u0446\u0430","item":"https:\/\/ru.hrodna.life\/"},{"@type":"ListItem","position":2,"name":"\u041d\u043e\u0432\u043e\u0441\u0442\u0438"}]},{"@type":"WebSite","@id":"https:\/\/ru.hrodna.life\/#website","url":"https:\/\/ru.hrodna.life\/","name":"Hrodna.life - \u043d\u043e\u0432\u043e\u0441\u0442\u0438 \u0413\u0440\u043e\u0434\u043d\u043e","description":"Hrodna.life - \u043d\u043e\u0432\u043e\u0441\u0442\u0438 \u0438 \u0438\u0441\u0442\u043e\u0440\u0438\u0438 \u0438\u0437 \u0413\u0440\u043e\u0434\u043d\u043e","publisher":{"@id":"https:\/\/ru.hrodna.life\/#organization"},"potentialAction":[{"@type":"SearchAction","target":{"@type":"EntryPoint","urlTemplate":"https:\/\/ru.hrodna.life\/?s={search_term_string}"},"query-input":{"@type":"PropertyValueSpecification","valueRequired":true,"valueName":"search_term_string"}}],"inLanguage":"ru-RU"},{"@type":"Organization","@id":"https:\/\/ru.hrodna.life\/#organization","name":"Hrodna.life","url":"https:\/\/ru.hrodna.life\/","logo":{"@type":"ImageObject","inLanguage":"ru-RU","@id":"https:\/\/ru.hrodna.life\/#\/schema\/logo\/image\/","url":"https:\/\/ru.hrodna.life\/wp-content\/uploads\/2018\/11\/320-logos3-01.png","contentUrl":"https:\/\/ru.hrodna.life\/wp-content\/uploads\/2018\/11\/320-logos3-01.png","width":320,"height":112,"caption":"Hrodna.life"},"image":{"@id":"https:\/\/ru.hrodna.life\/#\/schema\/logo\/image\/"},"sameAs":["https:\/\/www.facebook.com\/hrodna.one.love","https:\/\/www.linkedin.com\/company\/hrodna-life\/","https:\/\/be.wikipedia.org\/wiki\/Hrodna.life"],"email":"people34letters@gmail.com","legalName":"\u017dmon\u0117s ir raid\u0117s, V\u0161\u012e","foundingDate":"2016-10-10","publishingPrinciples":"https:\/\/ru.hrodna.life\/about-us\/","ethicsPolicy":"https:\/\/ru.hrodna.life\/standarts\/"},{"@type":"Person","@id":"https:\/\/ru.hrodna.life\/#\/schema\/person\/ba181ea0bb67acb9a0ea091c2b64d457","name":"Danyang","image":{"@type":"ImageObject","inLanguage":"ru-RU","@id":"https:\/\/ru.hrodna.life\/#\/schema\/person\/image\/","url":"https:\/\/secure.gravatar.com\/avatar\/90db9f72a3cb9feee34381a9cda14c7a?s=96&d=mm&r=g","contentUrl":"https:\/\/secure.gravatar.com\/avatar\/90db9f72a3cb9feee34381a9cda14c7a?s=96&d=mm&r=g","caption":"Danyang"},"url":"https:\/\/ru.hrodna.life\/author\/danyang\/"}]}},"acf":[],"uagb_featured_image_src":{"full":false,"thumbnail":false,"medium":false,"medium_large":false,"large":false,"1536x1536":false,"2048x2048":false,"tptn_thumbnail":false},"uagb_author_info":{"display_name":"Danyang","author_link":"https:\/\/ru.hrodna.life\/author\/danyang\/"},"uagb_comment_info":0,"uagb_excerpt":null,"_links":{"self":[{"href":"https:\/\/ru.hrodna.life\/wp-json\/wp\/v2\/pages\/666","targetHints":{"allow":["GET"]}}],"collection":[{"href":"https:\/\/ru.hrodna.life\/wp-json\/wp\/v2\/pages"}],"about":[{"href":"https:\/\/ru.hrodna.life\/wp-json\/wp\/v2\/types\/page"}],"author":[{"embeddable":true,"href":"https:\/\/ru.hrodna.life\/wp-json\/wp\/v2\/users\/1"}],"replies":[{"embeddable":true,"href":"https:\/\/ru.hrodna.life\/wp-json\/wp\/v2\/comments?post=666"}],"version-history":[{"count":0,"href":"https:\/\/ru.hrodna.life\/wp-json\/wp\/v2\/pages\/666\/revisions"}],"wp:attachment":[{"href":"https:\/\/ru.hrodna.life\/wp-json\/wp\/v2\/media?parent=666"}],"wp:term":[{"taxonomy":"metki","embeddable":true,"href":"https:\/\/ru.hrodna.life\/wp-json\/wp\/v2\/metki?post=666"}],"curies":[{"name":"wp","href":"https:\/\/api.w.org\/{rel}","templated":true}]}}